{"id":539,"date":"2017-05-03T21:45:58","date_gmt":"2017-05-03T21:45:58","guid":{"rendered":"http:\/\/jugendclub-iuventus.de\/?page_id=539"},"modified":"2021-09-24T16:00:11","modified_gmt":"2021-09-24T14:00:11","slug":"bastelwerkstatt","status":"publish","type":"page","link":"https:\/\/jugendclub-iuventus.de\/de\/bastelwerkstatt\/","title":{"rendered":"Bastelwerkstatt"},"content":{"rendered":"<p>Das Motto unseres Clubs hei\u00dft &gt;&gt;Jugend f\u00fchrt Jugend&lt;&lt;, dementsprechend werden unsere Bastel-Workshops von jungen Menschen selbstentwickelt und organisiert. Bei Themen-, Methoden- und Materialauswahl haben die Jugendlichen das Sagen. Ihre Ideen, Kreativit\u00e4t, Vorstellungen und W\u00fcnsche stehen im Vordergrund und werden nur durch die n\u00f6tige Fach-und Sicherheitsanleitung geleitet. Gemeinsame Aktivit\u00e4ten wie h\u00e4mmern, s\u00e4gen, schneiden, filzen und malen dienen dem zwanglosen Zusammenkommen der jungen Menschen.<\/p>\n<p>&nbsp;<\/p>\n<p>&nbsp;<\/p>","protected":false},"excerpt":{"rendered":"<p>Das Motto unseres Clubs hei\u00dft &gt;&gt;Jugend f\u00fchrt Jugend&lt;&lt;, dementsprechend werden unsere Bastel-Workshops von jungen Menschen selbstentwickelt und organisiert. Bei Themen-, Methoden- und Materialauswahl haben die Jugendlichen das Sagen. Ihre Ideen, Kreativit\u00e4t, Vorstellungen und W\u00fcnsche stehen im Vordergrund und werden nur durch die n\u00f6tige Fach-und Sicherheitsanleitung geleitet. Gemeinsame Aktivit\u00e4ten wie h\u00e4mmern, s\u00e4gen, schneiden, filzen und malen [&hellip;]<\/p>\n","protected":false},"author":5,"featured_media":0,"parent":0,"menu_order":0,"comment_status":"closed","ping_status":"closed","template":"","meta":{"footnotes":""},"class_list":["post-539","page","type-page","status-publish","hentry"],"yoast_head":"<!-- This site is optimized with the Yoast SEO plugin v17.2.1 - https:\/\/yoast.com\/wordpress\/plugins\/seo\/ -->\n<title>Bastelwerkstatt -<\/title>\n<meta name=\"robots\" content=\"index, follow, max-snippet:-1, max-image-preview:large, max-video-preview:-1\" \/>\n<link rel=\"canonical\" href=\"https:\/\/jugendclub-iuventus.de\/de\/bastelwerkstatt\/\" \/>\n<meta property=\"og:locale\" content=\"de_DE\" \/>\n<meta property=\"og:type\" content=\"article\" \/>\n<meta property=\"og:title\" content=\"Bastelwerkstatt -\" \/>\n<meta property=\"og:description\" content=\"Das Motto unseres Clubs hei\u00dft &gt;&gt;Jugend f\u00fchrt Jugend&lt;&lt;, dementsprechend werden unsere Bastel-Workshops von jungen Menschen selbstentwickelt und organisiert. Bei Themen-, Methoden- und Materialauswahl haben die Jugendlichen das Sagen. Ihre Ideen, Kreativit\u00e4t, Vorstellungen und W\u00fcnsche stehen im Vordergrund und werden nur durch die n\u00f6tige Fach-und Sicherheitsanleitung geleitet. Gemeinsame Aktivit\u00e4ten wie h\u00e4mmern, s\u00e4gen, schneiden, filzen und malen [&hellip;]\" \/>\n<meta property=\"og:url\" content=\"https:\/\/jugendclub-iuventus.de\/de\/bastelwerkstatt\/\" \/>\n<meta property=\"article:modified_time\" content=\"2021-09-24T14:00:11+00:00\" \/>\n<meta name=\"twitter:card\" content=\"summary\" \/>\n<script type=\"application\/ld+json\" class=\"yoast-schema-graph\">{\"@context\":\"https:\/\/schema.org\",\"@graph\":[{\"@type\":\"WebSite\",\"@id\":\"https:\/\/jugendclub-iuventus.de\/de\/#website\",\"url\":\"https:\/\/jugendclub-iuventus.de\/de\/\",\"name\":\"\",\"description\":\"\",\"potentialAction\":[{\"@type\":\"SearchAction\",\"target\":{\"@type\":\"EntryPoint\",\"urlTemplate\":\"https:\/\/jugendclub-iuventus.de\/de\/?s={search_term_string}\"},\"query-input\":\"required name=search_term_string\"}],\"inLanguage\":\"de\"},{\"@type\":\"WebPage\",\"@id\":\"https:\/\/jugendclub-iuventus.de\/de\/bastelwerkstatt\/#webpage\",\"url\":\"https:\/\/jugendclub-iuventus.de\/de\/bastelwerkstatt\/\",\"name\":\"Bastelwerkstatt -\",\"isPartOf\":{\"@id\":\"https:\/\/jugendclub-iuventus.de\/de\/#website\"},\"datePublished\":\"2017-05-03T21:45:58+00:00\",\"dateModified\":\"2021-09-24T14:00:11+00:00\",\"breadcrumb\":{\"@id\":\"https:\/\/jugendclub-iuventus.de\/de\/bastelwerkstatt\/#breadcrumb\"},\"inLanguage\":\"de\",\"potentialAction\":[{\"@type\":\"ReadAction\",\"target\":[\"https:\/\/jugendclub-iuventus.de\/de\/bastelwerkstatt\/\"]}]},{\"@type\":\"BreadcrumbList\",\"@id\":\"https:\/\/jugendclub-iuventus.de\/de\/bastelwerkstatt\/#breadcrumb\",\"itemListElement\":[{\"@type\":\"ListItem\",\"position\":1,\"name\":\"Startseite\",\"item\":\"https:\/\/jugendclub-iuventus.de\/de\/\"},{\"@type\":\"ListItem\",\"position\":2,\"name\":\"Bastelwerkstatt\"}]}]}<\/script>\n<!-- \/ Yoast SEO plugin. -->","yoast_head_json":{"title":"Bastelwerkstatt -","robots":{"index":"index","follow":"follow","max-snippet":"max-snippet:-1","max-image-preview":"max-image-preview:large","max-video-preview":"max-video-preview:-1"},"canonical":"https:\/\/jugendclub-iuventus.de\/de\/bastelwerkstatt\/","og_locale":"de_DE","og_type":"article","og_title":"Bastelwerkstatt -","og_description":"Das Motto unseres Clubs hei\u00dft &gt;&gt;Jugend f\u00fchrt Jugend&lt;&lt;, dementsprechend werden unsere Bastel-Workshops von jungen Menschen selbstentwickelt und organisiert. Bei Themen-, Methoden- und Materialauswahl haben die Jugendlichen das Sagen. Ihre Ideen, Kreativit\u00e4t, Vorstellungen und W\u00fcnsche stehen im Vordergrund und werden nur durch die n\u00f6tige Fach-und Sicherheitsanleitung geleitet. Gemeinsame Aktivit\u00e4ten wie h\u00e4mmern, s\u00e4gen, schneiden, filzen und malen [&hellip;]","og_url":"https:\/\/jugendclub-iuventus.de\/de\/bastelwerkstatt\/","article_modified_time":"2021-09-24T14:00:11+00:00","twitter_card":"summary","schema":{"@context":"https:\/\/schema.org","@graph":[{"@type":"WebSite","@id":"https:\/\/jugendclub-iuventus.de\/de\/#website","url":"https:\/\/jugendclub-iuventus.de\/de\/","name":"","description":"","potentialAction":[{"@type":"SearchAction","target":{"@type":"EntryPoint","urlTemplate":"https:\/\/jugendclub-iuventus.de\/de\/?s={search_term_string}"},"query-input":"required name=search_term_string"}],"inLanguage":"de"},{"@type":"WebPage","@id":"https:\/\/jugendclub-iuventus.de\/de\/bastelwerkstatt\/#webpage","url":"https:\/\/jugendclub-iuventus.de\/de\/bastelwerkstatt\/","name":"Bastelwerkstatt -","isPartOf":{"@id":"https:\/\/jugendclub-iuventus.de\/de\/#website"},"datePublished":"2017-05-03T21:45:58+00:00","dateModified":"2021-09-24T14:00:11+00:00","breadcrumb":{"@id":"https:\/\/jugendclub-iuventus.de\/de\/bastelwerkstatt\/#breadcrumb"},"inLanguage":"de","potentialAction":[{"@type":"ReadAction","target":["https:\/\/jugendclub-iuventus.de\/de\/bastelwerkstatt\/"]}]},{"@type":"BreadcrumbList","@id":"https:\/\/jugendclub-iuventus.de\/de\/bastelwerkstatt\/#breadcrumb","itemListElement":[{"@type":"ListItem","position":1,"name":"Startseite","item":"https:\/\/jugendclub-iuventus.de\/de\/"},{"@type":"ListItem","position":2,"name":"Bastelwerkstatt"}]}]}},"_links":{"self":[{"href":"https:\/\/jugendclub-iuventus.de\/de\/wp-json\/wp\/v2\/pages\/539","targetHints":{"allow":["GET"]}}],"collection":[{"href":"https:\/\/jugendclub-iuventus.de\/de\/wp-json\/wp\/v2\/pages"}],"about":[{"href":"https:\/\/jugendclub-iuventus.de\/de\/wp-json\/wp\/v2\/types\/page"}],"author":[{"embeddable":true,"href":"https:\/\/jugendclub-iuventus.de\/de\/wp-json\/wp\/v2\/users\/5"}],"replies":[{"embeddable":true,"href":"https:\/\/jugendclub-iuventus.de\/de\/wp-json\/wp\/v2\/comments?post=539"}],"version-history":[{"count":7,"href":"https:\/\/jugendclub-iuventus.de\/de\/wp-json\/wp\/v2\/pages\/539\/revisions"}],"predecessor-version":[{"id":1620,"href":"https:\/\/jugendclub-iuventus.de\/de\/wp-json\/wp\/v2\/pages\/539\/revisions\/1620"}],"wp:attachment":[{"href":"https:\/\/jugendclub-iuventus.de\/de\/wp-json\/wp\/v2\/media?parent=539"}],"curies":[{"name":"wp","href":"https:\/\/api.w.org\/{rel}","templated":true}]}}